{"id":13,"date":"2024-07-18T10:23:51","date_gmt":"2024-07-18T03:23:51","guid":{"rendered":"https:\/\/linhchiphuquoc.com\/?page_id=13"},"modified":"2024-10-09T10:08:40","modified_gmt":"2024-10-09T03:08:40","slug":"cau-chuyen-ve-linh-chi","status":"publish","type":"page","link":"https:\/\/linhchiphuquoc.com\/en\/cau-chuyen-ve-linh-chi\/","title":{"rendered":"The story of Ganoderma"},"content":{"rendered":"<div data-elementor-type=\"wp-page\" data-elementor-id=\"13\" class=\"elementor elementor-13\">\n\t\t\t\t<div class=\"elementor-element elementor-element-ae64ece e-flex e-con-boxed e-con e-parent\" data-id=\"ae64ece\" data-element_type=\"container\" data-e-type=\"container\">\n\t\t\t\t\t<div class=\"e-con-inner\">\n\t\t\t\t<div class=\"elementor-element elementor-element-71d915d elementor-widget elementor-widget-image\" data-id=\"71d915d\" data-element_type=\"widget\" data-e-type=\"widget\" data-widget_type=\"image.default\">\n\t\t\t\t<div class=\"elementor-widget-container\">\n\t\t\t\t\t\t\t\t\t\t\t\t\t\t\t<img fetchpriority=\"high\" decoding=\"async\" width=\"1844\" height=\"2560\" src=\"https:\/\/linhchiphuquoc.com\/wp-content\/uploads\/2024\/10\/nam-linh-chi-scaled.png\" class=\"attachment-full size-full wp-image-1509\" alt=\"\" srcset=\"https:\/\/linhchiphuquoc.com\/wp-content\/uploads\/2024\/10\/nam-linh-chi-scaled.png 1844w, https:\/\/linhchiphuquoc.com\/wp-content\/uploads\/2024\/10\/nam-linh-chi-500x694.png 500w, https:\/\/linhchiphuquoc.com\/wp-content\/uploads\/2024\/10\/nam-linh-chi-700x972.png 700w, https:\/\/linhchiphuquoc.com\/wp-content\/uploads\/2024\/10\/nam-linh-chi-216x300.png 216w, https:\/\/linhchiphuquoc.com\/wp-content\/uploads\/2024\/10\/nam-linh-chi-738x1024.png 738w, https:\/\/linhchiphuquoc.com\/wp-content\/uploads\/2024\/10\/nam-linh-chi-768x1066.png 768w, https:\/\/linhchiphuquoc.com\/wp-content\/uploads\/2024\/10\/nam-linh-chi-1107x1536.png 1107w, https:\/\/linhchiphuquoc.com\/wp-content\/uploads\/2024\/10\/nam-linh-chi-1476x2048.png 1476w\" sizes=\"(max-width: 1844px) 100vw, 1844px\" \/>\t\t\t\t\t\t\t\t\t\t\t\t\t\t\t<\/div>\n\t\t\t\t<\/div>\n\t\t\t\t\t<\/div>\n\t\t\t\t<\/div>\n\t\t<div class=\"elementor-element elementor-element-9a39f92 e-flex e-con-boxed e-con e-parent\" data-id=\"9a39f92\" data-element_type=\"container\" data-e-type=\"container\">\n\t\t\t\t\t<div class=\"e-con-inner\">\n\t\t\t\t<div class=\"elementor-element elementor-element-f60aae1 elementor-widget elementor-widget-image\" data-id=\"f60aae1\" data-element_type=\"widget\" data-e-type=\"widget\" data-widget_type=\"image.default\">\n\t\t\t\t<div class=\"elementor-widget-container\">\n\t\t\t\t\t\t\t\t\t\t\t\t\t\t\t<img decoding=\"async\" width=\"1754\" height=\"2560\" src=\"https:\/\/linhchiphuquoc.com\/wp-content\/uploads\/2024\/10\/quy-trinh-nam-linh-chi-pdf.io_-scaled.png\" class=\"attachment-full size-full wp-image-1483\" alt=\"\" srcset=\"https:\/\/linhchiphuquoc.com\/wp-content\/uploads\/2024\/10\/quy-trinh-nam-linh-chi-pdf.io_-scaled.png 1754w, https:\/\/linhchiphuquoc.com\/wp-content\/uploads\/2024\/10\/quy-trinh-nam-linh-chi-pdf.io_-500x730.png 500w, https:\/\/linhchiphuquoc.com\/wp-content\/uploads\/2024\/10\/quy-trinh-nam-linh-chi-pdf.io_-700x1021.png 700w, https:\/\/linhchiphuquoc.com\/wp-content\/uploads\/2024\/10\/quy-trinh-nam-linh-chi-pdf.io_-206x300.png 206w, https:\/\/linhchiphuquoc.com\/wp-content\/uploads\/2024\/10\/quy-trinh-nam-linh-chi-pdf.io_-702x1024.png 702w, https:\/\/linhchiphuquoc.com\/wp-content\/uploads\/2024\/10\/quy-trinh-nam-linh-chi-pdf.io_-768x1121.png 768w, https:\/\/linhchiphuquoc.com\/wp-content\/uploads\/2024\/10\/quy-trinh-nam-linh-chi-pdf.io_-1053x1536.png 1053w, https:\/\/linhchiphuquoc.com\/wp-content\/uploads\/2024\/10\/quy-trinh-nam-linh-chi-pdf.io_-1403x2048.png 1403w\" sizes=\"(max-width: 1754px) 100vw, 1754px\" \/>\t\t\t\t\t\t\t\t\t\t\t\t\t\t\t<\/div>\n\t\t\t\t<\/div>\n\t\t\t\t\t<\/div>\n\t\t\t\t<\/div>\n\t\t<div class=\"elementor-element elementor-element-61d7176 e-flex e-con-boxed e-con e-parent\" data-id=\"61d7176\" data-element_type=\"container\" data-e-type=\"container\">\n\t\t\t\t\t<div class=\"e-con-inner\">\n\t\t\t\t\t<\/div>\n\t\t\t\t<\/div>\n\t\t<div class=\"elementor-element elementor-element-64bbd6b e-flex e-con-boxed e-con e-parent\" data-id=\"64bbd6b\" data-element_type=\"container\" data-e-type=\"container\">\n\t\t\t\t\t<div class=\"e-con-inner\">\n\t\t<div class=\"elementor-element elementor-element-70e67b0 e-con-full e-flex e-con e-child\" data-id=\"70e67b0\" data-element_type=\"container\" data-e-type=\"container\">\n\t\t\t\t<div class=\"elementor-element elementor-element-5e9aa87 elementor-widget elementor-widget-image\" data-id=\"5e9aa87\" data-element_type=\"widget\" data-e-type=\"widget\" data-widget_type=\"image.default\">\n\t\t\t\t<div class=\"elementor-widget-container\">\n\t\t\t\t\t\t\t\t\t\t\t\t\t\t\t<img decoding=\"async\" width=\"977\" height=\"978\" src=\"https:\/\/linhchiphuquoc.com\/wp-content\/uploads\/2024\/10\/z5889248573250_edaf08cd1d7352692f5e36344828c7c6.jpg\" class=\"attachment-large size-large wp-image-1518\" alt=\"\" srcset=\"https:\/\/linhchiphuquoc.com\/wp-content\/uploads\/2024\/10\/z5889248573250_edaf08cd1d7352692f5e36344828c7c6.jpg 977w, https:\/\/linhchiphuquoc.com\/wp-content\/uploads\/2024\/10\/z5889248573250_edaf08cd1d7352692f5e36344828c7c6-500x501.jpg 500w, https:\/\/linhchiphuquoc.com\/wp-content\/uploads\/2024\/10\/z5889248573250_edaf08cd1d7352692f5e36344828c7c6-100x100.jpg 100w, https:\/\/linhchiphuquoc.com\/wp-content\/uploads\/2024\/10\/z5889248573250_edaf08cd1d7352692f5e36344828c7c6-700x701.jpg 700w, https:\/\/linhchiphuquoc.com\/wp-content\/uploads\/2024\/10\/z5889248573250_edaf08cd1d7352692f5e36344828c7c6-300x300.jpg 300w, https:\/\/linhchiphuquoc.com\/wp-content\/uploads\/2024\/10\/z5889248573250_edaf08cd1d7352692f5e36344828c7c6-150x150.jpg 150w, https:\/\/linhchiphuquoc.com\/wp-content\/uploads\/2024\/10\/z5889248573250_edaf08cd1d7352692f5e36344828c7c6-768x769.jpg 768w\" sizes=\"(max-width: 977px) 100vw, 977px\" \/>\t\t\t\t\t\t\t\t\t\t\t\t\t\t\t<\/div>\n\t\t\t\t<\/div>\n\t\t\t\t<\/div>\n\t\t<div class=\"elementor-element elementor-element-42a3d8a e-con-full e-flex e-con e-child\" data-id=\"42a3d8a\" data-element_type=\"container\" data-e-type=\"container\">\n\t\t\t\t<\/div>\n\t\t\t\t\t<\/div>\n\t\t\t\t<\/div>\n\t\t<div class=\"elementor-element elementor-element-855d268 e-flex e-con-boxed e-con e-parent\" data-id=\"855d268\" data-element_type=\"container\" data-e-type=\"container\">\n\t\t\t\t\t<div class=\"e-con-inner\">\n\t\t\t\t\t<\/div>\n\t\t\t\t<\/div>\n\t\t<div class=\"elementor-element elementor-element-aff5f62 e-flex e-con-boxed e-con e-parent\" data-id=\"aff5f62\" data-element_type=\"container\" data-e-type=\"container\">\n\t\t\t\t\t<div class=\"e-con-inner\">\n\t\t<div class=\"elementor-element elementor-element-cfbe78d e-con-full e-flex e-con e-child\" data-id=\"cfbe78d\" data-element_type=\"container\" data-e-type=\"container\">\n\t\t\t\t<div class=\"elementor-element elementor-element-65e92be elementor-widget elementor-widget-image\" data-id=\"65e92be\" data-element_type=\"widget\" data-e-type=\"widget\" data-widget_type=\"image.default\">\n\t\t\t\t<div class=\"elementor-widget-container\">\n\t\t\t\t\t\t\t\t\t\t\t\t<figure class=\"wp-caption\">\n\t\t\t\t\t\t\t\t\t\t<img loading=\"lazy\" decoding=\"async\" width=\"1000\" height=\"1376\" src=\"https:\/\/linhchiphuquoc.com\/wp-content\/uploads\/2024\/10\/giay-chung-nhan.png\" class=\"attachment-full size-full wp-image-1528\" alt=\"\" srcset=\"https:\/\/linhchiphuquoc.com\/wp-content\/uploads\/2024\/10\/giay-chung-nhan.png 1000w, https:\/\/linhchiphuquoc.com\/wp-content\/uploads\/2024\/10\/giay-chung-nhan-500x688.png 500w, https:\/\/linhchiphuquoc.com\/wp-content\/uploads\/2024\/10\/giay-chung-nhan-700x963.png 700w, https:\/\/linhchiphuquoc.com\/wp-content\/uploads\/2024\/10\/giay-chung-nhan-218x300.png 218w, https:\/\/linhchiphuquoc.com\/wp-content\/uploads\/2024\/10\/giay-chung-nhan-744x1024.png 744w, https:\/\/linhchiphuquoc.com\/wp-content\/uploads\/2024\/10\/giay-chung-nhan-768x1057.png 768w\" sizes=\"(max-width: 1000px) 100vw, 1000px\" \/>\t\t\t\t\t\t\t\t\t\t\t<figcaption class=\"widget-image-caption wp-caption-text\">Certificate of Science &amp; Technology Enterprise<\/figcaption>\n\t\t\t\t\t\t\t\t\t\t<\/figure>\n\t\t\t\t\t\t\t\t\t<\/div>\n\t\t\t\t<\/div>\n\t\t\t\t<\/div>\n\t\t<div class=\"elementor-element elementor-element-e568d90 e-con-full e-flex e-con e-child\" data-id=\"e568d90\" data-element_type=\"container\" data-e-type=\"container\">\n\t\t\t\t<div class=\"elementor-element elementor-element-440d357 elementor-widget elementor-widget-image\" data-id=\"440d357\" data-element_type=\"widget\" data-e-type=\"widget\" data-widget_type=\"image.default\">\n\t\t\t\t<div class=\"elementor-widget-container\">\n\t\t\t\t\t\t\t\t\t\t\t\t<figure class=\"wp-caption\">\n\t\t\t\t\t\t\t\t\t\t<img loading=\"lazy\" decoding=\"async\" width=\"1000\" height=\"1376\" src=\"https:\/\/linhchiphuquoc.com\/wp-content\/uploads\/2024\/10\/giai-thuong.png\" class=\"attachment-full size-full wp-image-1532\" alt=\"\" srcset=\"https:\/\/linhchiphuquoc.com\/wp-content\/uploads\/2024\/10\/giai-thuong.png 1000w, https:\/\/linhchiphuquoc.com\/wp-content\/uploads\/2024\/10\/giai-thuong-500x688.png 500w, https:\/\/linhchiphuquoc.com\/wp-content\/uploads\/2024\/10\/giai-thuong-700x963.png 700w, https:\/\/linhchiphuquoc.com\/wp-content\/uploads\/2024\/10\/giai-thuong-218x300.png 218w, https:\/\/linhchiphuquoc.com\/wp-content\/uploads\/2024\/10\/giai-thuong-744x1024.png 744w, https:\/\/linhchiphuquoc.com\/wp-content\/uploads\/2024\/10\/giai-thuong-768x1057.png 768w\" sizes=\"(max-width: 1000px) 100vw, 1000px\" \/>\t\t\t\t\t\t\t\t\t\t\t<figcaption class=\"widget-image-caption wp-caption-text\">Golden Product Award for Community Health<\/figcaption>\n\t\t\t\t\t\t\t\t\t\t<\/figure>\n\t\t\t\t\t\t\t\t\t<\/div>\n\t\t\t\t<\/div>\n\t\t\t\t<\/div>\n\t\t<div class=\"elementor-element elementor-element-b3d8bd3 e-con-full e-flex e-con e-child\" data-id=\"b3d8bd3\" data-element_type=\"container\" data-e-type=\"container\">\n\t\t\t\t<div class=\"elementor-element elementor-element-72559d6 elementor-widget elementor-widget-image\" data-id=\"72559d6\" data-element_type=\"widget\" data-e-type=\"widget\" data-widget_type=\"image.default\">\n\t\t\t\t<div class=\"elementor-widget-container\">\n\t\t\t\t\t\t\t\t\t\t\t\t<figure class=\"wp-caption\">\n\t\t\t\t\t\t\t\t\t\t<img loading=\"lazy\" decoding=\"async\" width=\"1000\" height=\"1376\" src=\"https:\/\/linhchiphuquoc.com\/wp-content\/uploads\/2024\/10\/an-toan-thuc-pham.png\" class=\"attachment-full size-full wp-image-1543\" alt=\"\" srcset=\"https:\/\/linhchiphuquoc.com\/wp-content\/uploads\/2024\/10\/an-toan-thuc-pham.png 1000w, https:\/\/linhchiphuquoc.com\/wp-content\/uploads\/2024\/10\/an-toan-thuc-pham-500x688.png 500w, https:\/\/linhchiphuquoc.com\/wp-content\/uploads\/2024\/10\/an-toan-thuc-pham-700x963.png 700w, https:\/\/linhchiphuquoc.com\/wp-content\/uploads\/2024\/10\/an-toan-thuc-pham-218x300.png 218w, https:\/\/linhchiphuquoc.com\/wp-content\/uploads\/2024\/10\/an-toan-thuc-pham-744x1024.png 744w, https:\/\/linhchiphuquoc.com\/wp-content\/uploads\/2024\/10\/an-toan-thuc-pham-768x1057.png 768w\" sizes=\"(max-width: 1000px) 100vw, 1000px\" \/>\t\t\t\t\t\t\t\t\t\t\t<figcaption class=\"widget-image-caption wp-caption-text\">Certificate of Food Safety Eligibility<\/figcaption>\n\t\t\t\t\t\t\t\t\t\t<\/figure>\n\t\t\t\t\t\t\t\t\t<\/div>\n\t\t\t\t<\/div>\n\t\t\t\t<\/div>\n\t\t\t\t\t<\/div>\n\t\t\t\t<\/div>\n\t\t\t\t<\/div>","protected":false},"excerpt":{"rendered":"<p>QUY TR\u00ccNH S\u1ea2N XU\u1ea4T L\u1ee2I \u00cdCH S\u1ee8C KH\u1eceE CH\u1ee8NG NH\u1eacN &amp; \u0110\u00c1NH GI\u00c1 Ch\u1ee9ng Nh\u1eadn Doanh Nghi\u1ec7p Khoa H\u1ecdc &amp; C\u00f4ng Ngh\u1ec7 Gi\u1ea3i Th\u01b0\u1edfng S\u1ea3n Ph\u1ea9m V\u00e0ng V\u00ec S\u1ee9c Kh\u1ecfe C\u1ed9ng \u0110\u1ed3ng Ch\u1ee9ng Nh\u1eadn C\u01a1 S\u1edf \u0110\u1ee7 \u0110i\u1ec1u Ki\u1ec7n An To\u00e0n Th\u1ef1c Ph\u1ea9m<\/p>","protected":false},"author":1,"featured_media":0,"parent":0,"menu_order":0,"comment_status":"closed","ping_status":"open","template":"","meta":{"footnotes":""},"class_list":["post-13","page","type-page","status-publish","hentry"],"_links":{"self":[{"href":"https:\/\/linhchiphuquoc.com\/en\/wp-json\/wp\/v2\/pages\/13","targetHints":{"allow":["GET"]}}],"collection":[{"href":"https:\/\/linhchiphuquoc.com\/en\/wp-json\/wp\/v2\/pages"}],"about":[{"href":"https:\/\/linhchiphuquoc.com\/en\/wp-json\/wp\/v2\/types\/page"}],"author":[{"embeddable":true,"href":"https:\/\/linhchiphuquoc.com\/en\/wp-json\/wp\/v2\/users\/1"}],"replies":[{"embeddable":true,"href":"https:\/\/linhchiphuquoc.com\/en\/wp-json\/wp\/v2\/comments?post=13"}],"version-history":[{"count":93,"href":"https:\/\/linhchiphuquoc.com\/en\/wp-json\/wp\/v2\/pages\/13\/revisions"}],"predecessor-version":[{"id":1597,"href":"https:\/\/linhchiphuquoc.com\/en\/wp-json\/wp\/v2\/pages\/13\/revisions\/1597"}],"wp:attachment":[{"href":"https:\/\/linhchiphuquoc.com\/en\/wp-json\/wp\/v2\/media?parent=13"}],"curies":[{"name":"wp","href":"https:\/\/api.w.org\/{rel}","templated":true}]}}